{"id":61,"date":"2020-09-02T10:17:35","date_gmt":"2020-09-02T10:17:35","guid":{"rendered":"https:\/\/tragewuzal-nah-am-herzal.de.83-243-60-153.web07.futris.net\/?page_id=61"},"modified":"2023-07-06T14:18:46","modified_gmt":"2023-07-06T14:18:46","slug":"trageberatung","status":"publish","type":"page","link":"https:\/\/tragewuzal-nah-am-herzal.de\/?page_id=61","title":{"rendered":"Trageberatung"},"content":{"rendered":"\n<div class=\"wp-block-group is-layout-flow\"><div class=\"wp-block-group__inner-container\">\n<div style=\"height:20px\" aria-hidden=\"true\" class=\"wp-block-spacer\"><\/div>\n\n\n\n<div class=\"wp-block-columns is-layout-flex wp-container-2\">\n<div class=\"wp-block-column is-layout-flow\"><div class=\"wp-block-image\">\n<figure class=\"aligncenter size-large is-resized\"><img decoding=\"async\" loading=\"lazy\" src=\"https:\/\/tragewuzal-nah-am-herzal.de\/wp-content\/uploads\/2023\/07\/Komm-ich-trage-dich-durchs-1024x576.png\" alt=\"Baby Tragen\" class=\"wp-image-409\" width=\"631\" height=\"354\" srcset=\"https:\/\/tragewuzal-nah-am-herzal.de\/wp-content\/uploads\/2023\/07\/Komm-ich-trage-dich-durchs-1024x576.png 1024w, https:\/\/tragewuzal-nah-am-herzal.de\/wp-content\/uploads\/2023\/07\/Komm-ich-trage-dich-durchs-300x169.png 300w, https:\/\/tragewuzal-nah-am-herzal.de\/wp-content\/uploads\/2023\/07\/Komm-ich-trage-dich-durchs-768x432.png 768w, https:\/\/tragewuzal-nah-am-herzal.de\/wp-content\/uploads\/2023\/07\/Komm-ich-trage-dich-durchs-1536x864.png 1536w, https:\/\/tragewuzal-nah-am-herzal.de\/wp-content\/uploads\/2023\/07\/Komm-ich-trage-dich-durchs.png 1920w\" sizes=\"(max-width: 631px) 100vw, 631px\" \/><\/figure><\/div><\/div>\n<\/div>\n<\/div><\/div>\n\n\n\n<h2 class=\"wp-block-heading\">Wie l\u00e4uft die Trageberatung ab?<\/h2>\n\n\n\n<p>Die Trageberatung findet da statt, wo sich das Baby am wohlsten f\u00fchlt: Zuhause an Mamas &amp; Papas K\u00f6rper. Ich reise mit meinem gesamten Beratungssortiment an. <\/p>\n\n\n\n<p>Ihr k\u00f6nnt dann alle unterschiedlichen Tragehilfen aus meinem Sortiment probieren und ich bringe euch gerne das Tragen im elastischen oder gewebten Tragetuch oder der fertigen Trage n\u00e4her. <\/p>\n\n\n\n<p><strong>Hinweis:<\/strong> Falls ihr schon ein Tragetuch oder eine Tragehilfe zuhause habt, k\u00f6nnen wir auch sehr gerne intensiv darauf eingehen.<\/p>\n\n\n\n<h3 class=\"wp-block-heading\">Mein Angebot an euch<\/h3>\n\n\n\n<p>Sollte euch eine Trage besonders gut gefallen, habt ihr die M\u00f6glichkeit sie euch auszuleihen bis eure eigene da ist oder ihr k\u00f6nnt sie im Alltag auf Herz und Nieren testen, um zu sehen ob sie auch wirklich optimal zu euch passt. Auch \u00fcbernehme ich gerne die Bestellung f\u00fcr euch. Wenn ihr \u00fcber mich bestellt, gibt es bei einigen Firmen sogar noch einen kleinen Rabatt.<\/p>\n\n\n\n<h2 class=\"wp-block-heading\">Mein Tragehilfensortiment besteht derzeit aus:<\/h2>\n\n\n\n<div class=\"wp-block-columns is-layout-flex wp-container-6\">\n<div class=\"wp-block-column is-layout-flow\">\n<h3 class=\"wp-block-heading\">Tragen &amp;<\/h3>\n<\/div>\n\n\n\n<div class=\"wp-block-column is-layout-flow\">\n<h3 class=\"wp-block-heading\">Taget\u00fccher<\/h3>\n<\/div>\n<\/div>\n\n\n\n<div class=\"wp-block-columns is-layout-flex wp-container-9\">\n<div class=\"wp-block-column is-layout-flow\">\n<p>Limas&nbsp;<br>Manduca Twist<br>Kokadi<br>Frl. H\u00fcbsch<br>Ruckeli<br>Girasol&nbsp;<br>Fidell<br>Marsupi<br>Cybex Yema<br>Ergobaby Embrace<\/p>\n<\/div>\n\n\n\n<div class=\"wp-block-column is-layout-flow\">\n<p>Dydimos (gewebt)<br>Hoppediz (gewebt)<br>Kokadi (elastisch)<br>Hoppediz (elastisch)<br><\/p>\n<\/div>\n<\/div>\n\n\n\n<h3 class=\"wp-block-heading\">Ich berate euch gerne in:<\/h3>\n\n\n\n<p>Vierkirchen, Markt Indersdorf, Petershausen, Altom\u00fcnster, Pfaffenhofen, Haimhausen, Dachau, Karlsfeld, Weichs, Erdweg und im kompletten Umkreis von 30 Kilometern<\/p>\n\n\n\n<h3 class=\"wp-block-heading\">Folgende Beratungsmodule k\u00f6nnt ihr buchen<\/h3>\n\n\n\n<style>\n.my-accordion .menu{background-color:#e3e2d1;color:#575656;cursor:pointer;padding:12px;width:100%;text-align:left;border:none;outline:none;margin-top:4px;border-radius:8px;font-size:inherit}.my-accordion .panel{background-color:#FFFFFF;color:#000000;overflow:hidden}.my-accordion .open{display:block}.my-accordion .close{display:none}.my-accordion .active{background-color:#f2ead3;color:#fff}.my-accordion .arrow{float:right;display:block}.my-accordion .darrow{display:none}.my-accordion .active .darrow{display:block}.my-accordion .active .rarrow{display:none}.my-accordion .panel a{display:block;background:#808080;color:#FFFFFF;padding:5px;margin:3px;width:100%;text-decoration:none}\n<\/style>\n\n<div class=\"my-accordion\"><button class='menu'>Trageberatung (Standard)<span class='arrow rarrow'>+<\/span><span class='arrow darrow'>&#8211;<\/span><\/button><div class='panel close'>\n<div><a href=\"\">Eigene Tragehilfe \/ Tragetuch besprechen\nAusprobieren und individuelles Einstellen meiner vorhandenen Tragehilfen\nErlernen einer Bindeweise mit dem gewebten \/ elastischen Tragetuch (bei Bedarf)\nDauer: 1,5 &#8211; 2 Stunden (Es wird nach Minuten abgerechnet)\nPreis: 50 Euro die Stunde (jede weitere angefangene Viertel Stunde 12,50 Euro)\n0,30 Euro pro gefahrenen Kilometer (Hin- und R\u00fcckfahrt) die Kilometeranzahl \u00fcberpr\u00fcfe ich \u00fcber Google Maps.<\/a>\n<\/div><\/div><button class='menu'>Trageberatung(Light)<span class='arrow rarrow'>+<\/span><span class='arrow darrow'>&#8211;<\/span><\/button>\n<div class='panel close'>\n<div><a href=\"\">Erkl\u00e4rung der bereits gekauften Tragehilfe\nAusprobieren einer bestimmten Tragehilfe aus meinem Sortiment\nAuffrischung etwaiger Bindeweisen\nDauer: ca. 1 Stunde (es wird nach Minuten abgerechnet)\nPreis: 50 Euro (jede weitere viertel Stunde 12,50 Euro)\u00a0\n0,30 Euro pro Kilometer<\/a>\n<\/div><\/div><button class='menu'>Schwangerschaftspaket<span class='arrow rarrow'>+<\/span><span class='arrow darrow'>&#8211;<\/span><\/button>\n<div class='panel close'>\n<div><a href=\"\">Trageberatung (Standard) w\u00e4hrend der Schwangerschaft um die individuell passende Trage bereits zu kaufen.\nWeiterer Besuch nach Geburt um nochmal mit Baby alles zu \u00fcben (ohne weitere Berechnung)\nPreis: 120 Euro\u00a0\nEinmalig 0,30 Euro pro Kilometer (Hin- und R\u00fcckfahrt)<\/a>\n<\/div><\/div>\n<script>\n\n!function(){for(var l=document.querySelectorAll(\".my-accordion .menu\"),e=0;e<l.length;e++)l[e].addEventListener(\"click\",n);function n(){for(var e=document.querySelectorAll(\".my-accordion .panel\"),n=0;n<e.length;n++)e[n].className=\"panel close\";if(-1==this.className.indexOf(\"active\")){for(n=0;n<l.length;n++)l[n].className=\"menu\";this.className=\"menu active\",this.nextElementSibling.className=\"panel open\"}else for(n=0;n<l.length;n++)l[n].className=\"menu\"}}();\n<\/script>\n\n\n\n<iframe id=\"kikudoo-iframe\" style=\"width:100%;min-height:240px;border:0;margin:2rem auto; background: transparent;\" src=\"https:\/\/kikudoo.com\/public\/de\/providers\/YBKzld\/courses?group=Trageberatung\"><\/iframe><script src=\"https:\/\/kikudoo.com\/embed\/kikudoo-host.js\"><\/script>\n\n\n\n<div class=\"wp-block-buttons is-layout-flex\"><\/div>\n\n\n\n<p><\/p>\n","protected":false},"excerpt":{"rendered":"<p>Wie l\u00e4uft die Trageberatung ab? Die Trageberatung findet da statt, wo sich das Baby am wohlsten f\u00fchlt: Zuhause an Mamas &amp; Papas K\u00f6rper. Ich reise mit meinem gesamten Beratungssortiment an. Ihr k\u00f6nnt dann alle unterschiedlichen Tragehilfen aus meinem Sortiment probieren und ich bringe euch gerne&#8230; <\/p>\n","protected":false},"author":1,"featured_media":0,"parent":0,"menu_order":0,"comment_status":"closed","ping_status":"closed","template":"","meta":[],"yoast_head":"<!-- This site is optimized with the Yoast SEO plugin v20.10 - https:\/\/yoast.com\/wordpress\/plugins\/seo\/ -->\n<title>Trageberatung - Tragewuzal<\/title>\n<meta name=\"robots\" content=\"index, follow, max-snippet:-1, max-image-preview:large, max-video-preview:-1\" \/>\n<link rel=\"canonical\" href=\"https:\/\/tragewuzal-nah-am-herzal.de\/?page_id=61\" \/>\n<meta property=\"og:locale\" content=\"de_DE\" \/>\n<meta property=\"og:type\" content=\"article\" \/>\n<meta property=\"og:title\" content=\"Trageberatung - Tragewuzal\" \/>\n<meta property=\"og:description\" content=\"Wie l\u00e4uft die Trageberatung ab? Die Trageberatung findet da statt, wo sich das Baby am wohlsten f\u00fchlt: Zuhause an Mamas &amp; Papas K\u00f6rper. Ich reise mit meinem gesamten Beratungssortiment an. Ihr k\u00f6nnt dann alle unterschiedlichen Tragehilfen aus meinem Sortiment probieren und ich bringe euch gerne...\" \/>\n<meta property=\"og:url\" content=\"https:\/\/tragewuzal-nah-am-herzal.de\/?page_id=61\" \/>\n<meta property=\"og:site_name\" content=\"Tragewuzal\" \/>\n<meta property=\"article:modified_time\" content=\"2023-07-06T14:18:46+00:00\" \/>\n<meta property=\"og:image\" content=\"https:\/\/tragewuzal-nah-am-herzal.de\/wp-content\/uploads\/2023\/07\/Komm-ich-trage-dich-durchs-1024x576.png\" \/>\n<meta name=\"twitter:card\" content=\"summary_large_image\" \/>\n<meta name=\"twitter:label1\" content=\"Gesch\u00e4tzte Lesezeit\" \/>\n\t<meta name=\"twitter:data1\" content=\"3\u00a0Minuten\" \/>\n<script type=\"application\/ld+json\" class=\"yoast-schema-graph\">{\"@context\":\"https:\/\/schema.org\",\"@graph\":[{\"@type\":\"WebPage\",\"@id\":\"https:\/\/tragewuzal-nah-am-herzal.de\/?page_id=61\",\"url\":\"https:\/\/tragewuzal-nah-am-herzal.de\/?page_id=61\",\"name\":\"Trageberatung - Tragewuzal\",\"isPartOf\":{\"@id\":\"https:\/\/tragewuzal-nah-am-herzal.de\/#website\"},\"datePublished\":\"2020-09-02T10:17:35+00:00\",\"dateModified\":\"2023-07-06T14:18:46+00:00\",\"breadcrumb\":{\"@id\":\"https:\/\/tragewuzal-nah-am-herzal.de\/?page_id=61#breadcrumb\"},\"inLanguage\":\"de\",\"potentialAction\":[{\"@type\":\"ReadAction\",\"target\":[\"https:\/\/tragewuzal-nah-am-herzal.de\/?page_id=61\"]}]},{\"@type\":\"BreadcrumbList\",\"@id\":\"https:\/\/tragewuzal-nah-am-herzal.de\/?page_id=61#breadcrumb\",\"itemListElement\":[{\"@type\":\"ListItem\",\"position\":1,\"name\":\"Startseite\",\"item\":\"https:\/\/tragewuzal-nah-am-herzal.de\/\"},{\"@type\":\"ListItem\",\"position\":2,\"name\":\"Trageberatung\"}]},{\"@type\":\"WebSite\",\"@id\":\"https:\/\/tragewuzal-nah-am-herzal.de\/#website\",\"url\":\"https:\/\/tragewuzal-nah-am-herzal.de\/\",\"name\":\"Tragewuzal\",\"description\":\"Familienbegleitung Tanja Schlauweg\",\"potentialAction\":[{\"@type\":\"SearchAction\",\"target\":{\"@type\":\"EntryPoint\",\"urlTemplate\":\"https:\/\/tragewuzal-nah-am-herzal.de\/?s={search_term_string}\"},\"query-input\":\"required name=search_term_string\"}],\"inLanguage\":\"de\"}]}<\/script>\n<!-- \/ Yoast SEO plugin. -->","yoast_head_json":{"title":"Trageberatung - Tragewuzal","robots":{"index":"index","follow":"follow","max-snippet":"max-snippet:-1","max-image-preview":"max-image-preview:large","max-video-preview":"max-video-preview:-1"},"canonical":"https:\/\/tragewuzal-nah-am-herzal.de\/?page_id=61","og_locale":"de_DE","og_type":"article","og_title":"Trageberatung - Tragewuzal","og_description":"Wie l\u00e4uft die Trageberatung ab? Die Trageberatung findet da statt, wo sich das Baby am wohlsten f\u00fchlt: Zuhause an Mamas &amp; Papas K\u00f6rper. Ich reise mit meinem gesamten Beratungssortiment an. Ihr k\u00f6nnt dann alle unterschiedlichen Tragehilfen aus meinem Sortiment probieren und ich bringe euch gerne...","og_url":"https:\/\/tragewuzal-nah-am-herzal.de\/?page_id=61","og_site_name":"Tragewuzal","article_modified_time":"2023-07-06T14:18:46+00:00","og_image":[{"url":"https:\/\/tragewuzal-nah-am-herzal.de\/wp-content\/uploads\/2023\/07\/Komm-ich-trage-dich-durchs-1024x576.png"}],"twitter_card":"summary_large_image","twitter_misc":{"Gesch\u00e4tzte Lesezeit":"3\u00a0Minuten"},"schema":{"@context":"https:\/\/schema.org","@graph":[{"@type":"WebPage","@id":"https:\/\/tragewuzal-nah-am-herzal.de\/?page_id=61","url":"https:\/\/tragewuzal-nah-am-herzal.de\/?page_id=61","name":"Trageberatung - Tragewuzal","isPartOf":{"@id":"https:\/\/tragewuzal-nah-am-herzal.de\/#website"},"datePublished":"2020-09-02T10:17:35+00:00","dateModified":"2023-07-06T14:18:46+00:00","breadcrumb":{"@id":"https:\/\/tragewuzal-nah-am-herzal.de\/?page_id=61#breadcrumb"},"inLanguage":"de","potentialAction":[{"@type":"ReadAction","target":["https:\/\/tragewuzal-nah-am-herzal.de\/?page_id=61"]}]},{"@type":"BreadcrumbList","@id":"https:\/\/tragewuzal-nah-am-herzal.de\/?page_id=61#breadcrumb","itemListElement":[{"@type":"ListItem","position":1,"name":"Startseite","item":"https:\/\/tragewuzal-nah-am-herzal.de\/"},{"@type":"ListItem","position":2,"name":"Trageberatung"}]},{"@type":"WebSite","@id":"https:\/\/tragewuzal-nah-am-herzal.de\/#website","url":"https:\/\/tragewuzal-nah-am-herzal.de\/","name":"Tragewuzal","description":"Familienbegleitung Tanja Schlauweg","potentialAction":[{"@type":"SearchAction","target":{"@type":"EntryPoint","urlTemplate":"https:\/\/tragewuzal-nah-am-herzal.de\/?s={search_term_string}"},"query-input":"required name=search_term_string"}],"inLanguage":"de"}]}},"_links":{"self":[{"href":"https:\/\/tragewuzal-nah-am-herzal.de\/index.php?rest_route=\/wp\/v2\/pages\/61"}],"collection":[{"href":"https:\/\/tragewuzal-nah-am-herzal.de\/index.php?rest_route=\/wp\/v2\/pages"}],"about":[{"href":"https:\/\/tragewuzal-nah-am-herzal.de\/index.php?rest_route=\/wp\/v2\/types\/page"}],"author":[{"embeddable":true,"href":"https:\/\/tragewuzal-nah-am-herzal.de\/index.php?rest_route=\/wp\/v2\/users\/1"}],"replies":[{"embeddable":true,"href":"https:\/\/tragewuzal-nah-am-herzal.de\/index.php?rest_route=%2Fwp%2Fv2%2Fcomments&post=61"}],"version-history":[{"count":25,"href":"https:\/\/tragewuzal-nah-am-herzal.de\/index.php?rest_route=\/wp\/v2\/pages\/61\/revisions"}],"predecessor-version":[{"id":425,"href":"https:\/\/tragewuzal-nah-am-herzal.de\/index.php?rest_route=\/wp\/v2\/pages\/61\/revisions\/425"}],"wp:attachment":[{"href":"https:\/\/tragewuzal-nah-am-herzal.de\/index.php?rest_route=%2Fwp%2Fv2%2Fmedia&parent=61"}],"curies":[{"name":"wp","href":"https:\/\/api.w.org\/{rel}","templated":true}]}}