{"id":205,"date":"2021-01-27T16:24:22","date_gmt":"2021-01-27T16:24:22","guid":{"rendered":"https:\/\/tragewuzal-nah-am-herzal.de\/?page_id=205"},"modified":"2023-07-06T14:37:37","modified_gmt":"2023-07-06T14:37:37","slug":"fachkraft-fuer-formula-ernaehrte-saeuglinge","status":"publish","type":"page","link":"https:\/\/tragewuzal-nah-am-herzal.de\/?page_id=205","title":{"rendered":"Fachkraft f\u00fcr Formula ern\u00e4hrte S\u00e4uglinge"},"content":{"rendered":"<div class=\"wp-block-image\">\n<figure class=\"aligncenter size-large is-resized\"><img decoding=\"async\" loading=\"lazy\" src=\"https:\/\/tragewuzal-nah-am-herzal.de\/wp-content\/uploads\/2021\/01\/FeS_Beratung_Logo_ohne_Schrift_Rechteck-1.png\" alt=\"\" class=\"wp-image-199\" width=\"562\" height=\"401\" srcset=\"https:\/\/tragewuzal-nah-am-herzal.de\/wp-content\/uploads\/2021\/01\/FeS_Beratung_Logo_ohne_Schrift_Rechteck-1.png 807w, https:\/\/tragewuzal-nah-am-herzal.de\/wp-content\/uploads\/2021\/01\/FeS_Beratung_Logo_ohne_Schrift_Rechteck-1-300x214.png 300w, https:\/\/tragewuzal-nah-am-herzal.de\/wp-content\/uploads\/2021\/01\/FeS_Beratung_Logo_ohne_Schrift_Rechteck-1-768x548.png 768w\" sizes=\"(max-width: 562px) 100vw, 562px\" \/><\/figure><\/div>\n\n\n<h1 class=\"wp-block-heading\">Flaschennahrung richtig geben<\/h1>\n\n\n\n<p>Als Pendant zur Stillberaterin stehe ich euch als unabh\u00e4ngige Flaschen- und Formula-Beraterin gerne bei Fragen zur Verf\u00fcgung. Ich bin spezialisiert auf:<\/p>\n\n\n\n<ul>\n<li>Auswahl der &#8222;richtigen&#8220; Anfangsnahrung<\/li>\n\n\n\n<li>Berechnung der genauen Trinkmenge nach Alter &amp; Gewicht<\/li>\n\n\n\n<li>Spezialnahrung bei Bl\u00e4hungen, Verstopfung, Spucken und anderen Beschwerden des S\u00e4uglings<\/li>\n\n\n\n<li>Probleme beim Flaschen f\u00fcttern und Trinkschw\u00e4che<\/li>\n\n\n\n<li>responsive bottle feeding (stillfreundliches Zuf\u00fcttern)<\/li>\n\n\n\n<li>Zwiemilchn\u00e4hrung<\/li>\n\n\n\n<li>Entw\u00f6hnung von der Flasche und vieles mehr&#8230;<\/li>\n<\/ul>\n\n\n\n<p>So geht es:<\/p>\n\n\n\n<ul>\n<li>Kontakt aufnehmen und Termin vereinbaren<\/li>\n\n\n\n<li>Fragebogen erhalten und zur\u00fccksenden<\/li>\n\n\n\n<li>15 Minuten Telefonat oder Videochat erhalten<\/li>\n\n\n\n<li>Preis 20 Euro<\/li>\n<\/ul>\n\n\n\n<p>Je nach Situation kann eine weitere Beratung notwendig sein. Der Preis f\u00fcr eine weitere Beratung richtet sich nach Aufwand und vereinbartem Umfang. Ich schicke euch dann gerne ein unverbindliches Angebot zu. \u00dcber s\u00e4mtliche Inhalte bewahre ich Schweigepflicht.<\/p>\n\n\n\n<div class=\"wp-block-buttons is-layout-flex\">\n<div class=\"wp-block-button\"><a class=\"wp-block-button__link wp-element-button\" href=\"https:\/\/tragewuzal-nah-am-herzal.de\/\">Zur\u00fcck zur Startseite<\/a><\/div>\n<\/div>\n\n\n\n<iframe id=\"kikudoo-iframe\" style=\"width:100%;min-height:240px;border:0;margin:2rem auto; background: transparent;\" src=\"https:\/\/kikudoo.com\/public\/de\/providers\/YBKzld\/courses?group=Formulaberatung\"><\/iframe><script src=\"https:\/\/kikudoo.com\/embed\/kikudoo-host.js\"><\/script>\n","protected":false},"excerpt":{"rendered":"<p>Flaschennahrung richtig geben Als Pendant zur Stillberaterin stehe ich euch als unabh\u00e4ngige Flaschen- und Formula-Beraterin gerne bei Fragen zur Verf\u00fcgung. Ich bin spezialisiert auf: So geht es: Je nach Situation kann eine weitere Beratung notwendig sein. Der Preis f\u00fcr eine weitere Beratung richtet sich nach&#8230; <\/p>\n","protected":false},"author":1,"featured_media":0,"parent":0,"menu_order":0,"comment_status":"closed","ping_status":"closed","template":"","meta":[],"yoast_head":"<!-- This site is optimized with the Yoast SEO plugin v20.10 - https:\/\/yoast.com\/wordpress\/plugins\/seo\/ -->\n<title>Fachkraft f\u00fcr Formula ern\u00e4hrte S\u00e4uglinge - Tragewuzal<\/title>\n<meta name=\"robots\" content=\"index, follow, max-snippet:-1, max-image-preview:large, max-video-preview:-1\" \/>\n<link rel=\"canonical\" href=\"https:\/\/tragewuzal-nah-am-herzal.de\/?page_id=205\" \/>\n<meta property=\"og:locale\" content=\"de_DE\" \/>\n<meta property=\"og:type\" content=\"article\" \/>\n<meta property=\"og:title\" content=\"Fachkraft f\u00fcr Formula ern\u00e4hrte S\u00e4uglinge - Tragewuzal\" \/>\n<meta property=\"og:description\" content=\"Flaschennahrung richtig geben Als Pendant zur Stillberaterin stehe ich euch als unabh\u00e4ngige Flaschen- und Formula-Beraterin gerne bei Fragen zur Verf\u00fcgung. Ich bin spezialisiert auf: So geht es: Je nach Situation kann eine weitere Beratung notwendig sein. Der Preis f\u00fcr eine weitere Beratung richtet sich nach...\" \/>\n<meta property=\"og:url\" content=\"https:\/\/tragewuzal-nah-am-herzal.de\/?page_id=205\" \/>\n<meta property=\"og:site_name\" content=\"Tragewuzal\" \/>\n<meta property=\"article:modified_time\" content=\"2023-07-06T14:37:37+00:00\" \/>\n<meta property=\"og:image\" content=\"https:\/\/tragewuzal-nah-am-herzal.de\/wp-content\/uploads\/2021\/01\/FeS_Beratung_Logo_ohne_Schrift_Rechteck-1.png\" \/>\n<meta name=\"twitter:card\" content=\"summary_large_image\" \/>\n<meta name=\"twitter:label1\" content=\"Gesch\u00e4tzte Lesezeit\" \/>\n\t<meta name=\"twitter:data1\" content=\"1\u00a0Minute\" \/>\n<script type=\"application\/ld+json\" class=\"yoast-schema-graph\">{\"@context\":\"https:\/\/schema.org\",\"@graph\":[{\"@type\":\"WebPage\",\"@id\":\"https:\/\/tragewuzal-nah-am-herzal.de\/?page_id=205\",\"url\":\"https:\/\/tragewuzal-nah-am-herzal.de\/?page_id=205\",\"name\":\"Fachkraft f\u00fcr Formula ern\u00e4hrte S\u00e4uglinge - Tragewuzal\",\"isPartOf\":{\"@id\":\"https:\/\/tragewuzal-nah-am-herzal.de\/#website\"},\"datePublished\":\"2021-01-27T16:24:22+00:00\",\"dateModified\":\"2023-07-06T14:37:37+00:00\",\"breadcrumb\":{\"@id\":\"https:\/\/tragewuzal-nah-am-herzal.de\/?page_id=205#breadcrumb\"},\"inLanguage\":\"de\",\"potentialAction\":[{\"@type\":\"ReadAction\",\"target\":[\"https:\/\/tragewuzal-nah-am-herzal.de\/?page_id=205\"]}]},{\"@type\":\"BreadcrumbList\",\"@id\":\"https:\/\/tragewuzal-nah-am-herzal.de\/?page_id=205#breadcrumb\",\"itemListElement\":[{\"@type\":\"ListItem\",\"position\":1,\"name\":\"Startseite\",\"item\":\"https:\/\/tragewuzal-nah-am-herzal.de\/\"},{\"@type\":\"ListItem\",\"position\":2,\"name\":\"Fachkraft f\u00fcr Formula ern\u00e4hrte S\u00e4uglinge\"}]},{\"@type\":\"WebSite\",\"@id\":\"https:\/\/tragewuzal-nah-am-herzal.de\/#website\",\"url\":\"https:\/\/tragewuzal-nah-am-herzal.de\/\",\"name\":\"Tragewuzal\",\"description\":\"Familienbegleitung Tanja Schlauweg\",\"potentialAction\":[{\"@type\":\"SearchAction\",\"target\":{\"@type\":\"EntryPoint\",\"urlTemplate\":\"https:\/\/tragewuzal-nah-am-herzal.de\/?s={search_term_string}\"},\"query-input\":\"required name=search_term_string\"}],\"inLanguage\":\"de\"}]}<\/script>\n<!-- \/ Yoast SEO plugin. -->","yoast_head_json":{"title":"Fachkraft f\u00fcr Formula ern\u00e4hrte S\u00e4uglinge - Tragewuzal","robots":{"index":"index","follow":"follow","max-snippet":"max-snippet:-1","max-image-preview":"max-image-preview:large","max-video-preview":"max-video-preview:-1"},"canonical":"https:\/\/tragewuzal-nah-am-herzal.de\/?page_id=205","og_locale":"de_DE","og_type":"article","og_title":"Fachkraft f\u00fcr Formula ern\u00e4hrte S\u00e4uglinge - Tragewuzal","og_description":"Flaschennahrung richtig geben Als Pendant zur Stillberaterin stehe ich euch als unabh\u00e4ngige Flaschen- und Formula-Beraterin gerne bei Fragen zur Verf\u00fcgung. Ich bin spezialisiert auf: So geht es: Je nach Situation kann eine weitere Beratung notwendig sein. Der Preis f\u00fcr eine weitere Beratung richtet sich nach...","og_url":"https:\/\/tragewuzal-nah-am-herzal.de\/?page_id=205","og_site_name":"Tragewuzal","article_modified_time":"2023-07-06T14:37:37+00:00","og_image":[{"url":"https:\/\/tragewuzal-nah-am-herzal.de\/wp-content\/uploads\/2021\/01\/FeS_Beratung_Logo_ohne_Schrift_Rechteck-1.png"}],"twitter_card":"summary_large_image","twitter_misc":{"Gesch\u00e4tzte Lesezeit":"1\u00a0Minute"},"schema":{"@context":"https:\/\/schema.org","@graph":[{"@type":"WebPage","@id":"https:\/\/tragewuzal-nah-am-herzal.de\/?page_id=205","url":"https:\/\/tragewuzal-nah-am-herzal.de\/?page_id=205","name":"Fachkraft f\u00fcr Formula ern\u00e4hrte S\u00e4uglinge - Tragewuzal","isPartOf":{"@id":"https:\/\/tragewuzal-nah-am-herzal.de\/#website"},"datePublished":"2021-01-27T16:24:22+00:00","dateModified":"2023-07-06T14:37:37+00:00","breadcrumb":{"@id":"https:\/\/tragewuzal-nah-am-herzal.de\/?page_id=205#breadcrumb"},"inLanguage":"de","potentialAction":[{"@type":"ReadAction","target":["https:\/\/tragewuzal-nah-am-herzal.de\/?page_id=205"]}]},{"@type":"BreadcrumbList","@id":"https:\/\/tragewuzal-nah-am-herzal.de\/?page_id=205#breadcrumb","itemListElement":[{"@type":"ListItem","position":1,"name":"Startseite","item":"https:\/\/tragewuzal-nah-am-herzal.de\/"},{"@type":"ListItem","position":2,"name":"Fachkraft f\u00fcr Formula ern\u00e4hrte S\u00e4uglinge"}]},{"@type":"WebSite","@id":"https:\/\/tragewuzal-nah-am-herzal.de\/#website","url":"https:\/\/tragewuzal-nah-am-herzal.de\/","name":"Tragewuzal","description":"Familienbegleitung Tanja Schlauweg","potentialAction":[{"@type":"SearchAction","target":{"@type":"EntryPoint","urlTemplate":"https:\/\/tragewuzal-nah-am-herzal.de\/?s={search_term_string}"},"query-input":"required name=search_term_string"}],"inLanguage":"de"}]}},"_links":{"self":[{"href":"https:\/\/tragewuzal-nah-am-herzal.de\/index.php?rest_route=\/wp\/v2\/pages\/205"}],"collection":[{"href":"https:\/\/tragewuzal-nah-am-herzal.de\/index.php?rest_route=\/wp\/v2\/pages"}],"about":[{"href":"https:\/\/tragewuzal-nah-am-herzal.de\/index.php?rest_route=\/wp\/v2\/types\/page"}],"author":[{"embeddable":true,"href":"https:\/\/tragewuzal-nah-am-herzal.de\/index.php?rest_route=\/wp\/v2\/users\/1"}],"replies":[{"embeddable":true,"href":"https:\/\/tragewuzal-nah-am-herzal.de\/index.php?rest_route=%2Fwp%2Fv2%2Fcomments&post=205"}],"version-history":[{"count":6,"href":"https:\/\/tragewuzal-nah-am-herzal.de\/index.php?rest_route=\/wp\/v2\/pages\/205\/revisions"}],"predecessor-version":[{"id":432,"href":"https:\/\/tragewuzal-nah-am-herzal.de\/index.php?rest_route=\/wp\/v2\/pages\/205\/revisions\/432"}],"wp:attachment":[{"href":"https:\/\/tragewuzal-nah-am-herzal.de\/index.php?rest_route=%2Fwp%2Fv2%2Fmedia&parent=205"}],"curies":[{"name":"wp","href":"https:\/\/api.w.org\/{rel}","templated":true}]}}