{"id":18,"date":"2020-08-26T18:58:50","date_gmt":"2020-08-26T18:58:50","guid":{"rendered":"https:\/\/tragewuzal-nah-am-herzal.de.83-243-60-153.web07.futris.net\/?page_id=18"},"modified":"2026-03-30T10:47:30","modified_gmt":"2026-03-30T10:47:30","slug":"startseite","status":"publish","type":"page","link":"https:\/\/tragewuzal-nah-am-herzal.de\/","title":{"rendered":"Zertifizierte Familien-&#038;Trageberatung"},"content":{"rendered":"\n<h1 class=\"wp-block-heading has-text-align-center\">in der Schwangerschaft &amp; nach der Geburt<\/h1>\n\n\n<div class=\"wp-block-image\">\n<figure class=\"aligncenter size-full is-resized\"><img decoding=\"async\" loading=\"lazy\" src=\"https:\/\/tragewuzal-nah-am-herzal.de\/wp-content\/uploads\/2023\/07\/cropped-cropped-Design_ohne_Titel-5-removebg-preview.png\" alt=\"\" class=\"wp-image-344\" width=\"272\" height=\"272\" srcset=\"https:\/\/tragewuzal-nah-am-herzal.de\/wp-content\/uploads\/2023\/07\/cropped-cropped-Design_ohne_Titel-5-removebg-preview.png 512w, https:\/\/tragewuzal-nah-am-herzal.de\/wp-content\/uploads\/2023\/07\/cropped-cropped-Design_ohne_Titel-5-removebg-preview-300x300.png 300w, https:\/\/tragewuzal-nah-am-herzal.de\/wp-content\/uploads\/2023\/07\/cropped-cropped-Design_ohne_Titel-5-removebg-preview-150x150.png 150w, https:\/\/tragewuzal-nah-am-herzal.de\/wp-content\/uploads\/2023\/07\/cropped-cropped-Design_ohne_Titel-5-removebg-preview-100x100.png 100w, https:\/\/tragewuzal-nah-am-herzal.de\/wp-content\/uploads\/2023\/07\/cropped-cropped-Design_ohne_Titel-5-removebg-preview-270x270.png 270w, https:\/\/tragewuzal-nah-am-herzal.de\/wp-content\/uploads\/2023\/07\/cropped-cropped-Design_ohne_Titel-5-removebg-preview-192x192.png 192w, https:\/\/tragewuzal-nah-am-herzal.de\/wp-content\/uploads\/2023\/07\/cropped-cropped-Design_ohne_Titel-5-removebg-preview-180x180.png 180w, https:\/\/tragewuzal-nah-am-herzal.de\/wp-content\/uploads\/2023\/07\/cropped-cropped-Design_ohne_Titel-5-removebg-preview-32x32.png 32w\" sizes=\"(max-width: 272px) 100vw, 272px\" \/><\/figure><\/div>\n\n\n<div class=\"wp-block-columns alignwide is-layout-flex wp-container-4\">\n<div class=\"wp-block-column is-layout-flow\">\n<div class=\"wp-block-columns is-layout-flex wp-container-2\">\n<div class=\"wp-block-column is-layout-flow\" style=\"flex-basis:100%\">\n<div class=\"wp-block-media-text alignwide is-stacked-on-mobile is-vertically-aligned-top\" style=\"grid-template-columns:35% auto\"><figure class=\"wp-block-media-text__media\"><img decoding=\"async\" loading=\"lazy\" width=\"1024\" height=\"764\" src=\"https:\/\/tragewuzal-nah-am-herzal.de\/wp-content\/uploads\/2021\/01\/2-e1688654353582-1024x764.jpg\" alt=\"\" class=\"wp-image-211 size-full\" srcset=\"https:\/\/tragewuzal-nah-am-herzal.de\/wp-content\/uploads\/2021\/01\/2-e1688654353582-1024x764.jpg 1024w, https:\/\/tragewuzal-nah-am-herzal.de\/wp-content\/uploads\/2021\/01\/2-e1688654353582-300x224.jpg 300w, https:\/\/tragewuzal-nah-am-herzal.de\/wp-content\/uploads\/2021\/01\/2-e1688654353582-768x573.jpg 768w, https:\/\/tragewuzal-nah-am-herzal.de\/wp-content\/uploads\/2021\/01\/2-e1688654353582.jpg 1135w\" sizes=\"(max-width: 1024px) 100vw, 1024px\" \/><\/figure><div class=\"wp-block-media-text__content\">\n<h3 class=\"wp-block-heading\">Das bin ich<\/h3>\n\n\n\n<p>Ich bin Tanja, bin 37 Jahre alt und habe meine Leidenschaft zu meinem Nebenberuf gemacht.<br>Als stolze Mama von zwei wundervollen T\u00f6chtern, darf ich seit insgesamt sechs Jahren als Kursleitung &amp; zertifizierte Beraterin in Sachen Familienbegleitung ganz tolle Menschen auf ihrem Weg begleiten.<br>In meinen Kursen und der 1:1 Beratung geht es prim\u00e4r um das bed\u00fcrfnis- und bindungsorientierte Aufwachsen Ihres Kindes.<br>Wenn Sie mehr \u00fcber mich und meinen Werdegang erfahren wollen, dann schauen Sie doch gerne hier vorbei:<\/p>\n<\/div><\/div>\n<\/div>\n<\/div>\n<\/div>\n<\/div>\n\n\n\n<div class=\"wp-block-group alignwide is-layout-flow\"><div class=\"wp-block-group__inner-container\">\n<div class=\"wp-block-columns is-layout-flex wp-container-7\">\n<div class=\"wp-block-column is-layout-flow\">\n<div class=\"wp-block-buttons is-content-justification-center is-layout-flex wp-container-5\">\n<div class=\"wp-block-button\"><a class=\"wp-block-button__link wp-element-button\" href=\"https:\/\/tragewuzal-nah-am-herzal.de\/?page_id=88\">\u00dcber mich<\/a><\/div>\n<\/div>\n<\/div>\n<\/div>\n<\/div><\/div>\n\n\n\n<h2 class=\"wp-block-heading\">Mein Angebot im \u00dcberblick<\/h2>\n\n\n\n<div class=\"wp-block-columns is-layout-flex wp-container-11\">\n<div class=\"wp-block-column is-layout-flow\"><div class=\"wp-block-image\">\n<figure class=\"aligncenter size-large is-resized\"><img decoding=\"async\" loading=\"lazy\" src=\"https:\/\/tragewuzal-nah-am-herzal.de\/wp-content\/uploads\/2023\/07\/Kein-Titel-Einladung-Hochformat-Desktop-Hintergrund-1-1024x426.png\" alt=\"\" class=\"wp-image-381\" width=\"112\" height=\"46\" srcset=\"https:\/\/tragewuzal-nah-am-herzal.de\/wp-content\/uploads\/2023\/07\/Kein-Titel-Einladung-Hochformat-Desktop-Hintergrund-1-1024x426.png 1024w, https:\/\/tragewuzal-nah-am-herzal.de\/wp-content\/uploads\/2023\/07\/Kein-Titel-Einladung-Hochformat-Desktop-Hintergrund-1-300x125.png 300w, https:\/\/tragewuzal-nah-am-herzal.de\/wp-content\/uploads\/2023\/07\/Kein-Titel-Einladung-Hochformat-Desktop-Hintergrund-1-768x320.png 768w, https:\/\/tragewuzal-nah-am-herzal.de\/wp-content\/uploads\/2023\/07\/Kein-Titel-Einladung-Hochformat-Desktop-Hintergrund-1.png 1285w\" sizes=\"(max-width: 112px) 100vw, 112px\" \/><\/figure><\/div>\n\n<div class=\"wp-block-image\">\n<figure class=\"aligncenter size-large is-resized\"><img decoding=\"async\" loading=\"lazy\" src=\"https:\/\/tragewuzal-nah-am-herzal.de\/wp-content\/uploads\/2023\/07\/Kein-Titel-Einladung-Hochformat-2-732x1024.png\" alt=\"\" class=\"wp-image-383\" width=\"161\" height=\"225\" srcset=\"https:\/\/tragewuzal-nah-am-herzal.de\/wp-content\/uploads\/2023\/07\/Kein-Titel-Einladung-Hochformat-2-732x1024.png 732w, https:\/\/tragewuzal-nah-am-herzal.de\/wp-content\/uploads\/2023\/07\/Kein-Titel-Einladung-Hochformat-2-214x300.png 214w, https:\/\/tragewuzal-nah-am-herzal.de\/wp-content\/uploads\/2023\/07\/Kein-Titel-Einladung-Hochformat-2-768x1075.png 768w, https:\/\/tragewuzal-nah-am-herzal.de\/wp-content\/uploads\/2023\/07\/Kein-Titel-Einladung-Hochformat-2-1097x1536.png 1097w, https:\/\/tragewuzal-nah-am-herzal.de\/wp-content\/uploads\/2023\/07\/Kein-Titel-Einladung-Hochformat-2.png 1429w\" sizes=\"(max-width: 161px) 100vw, 161px\" \/><\/figure><\/div>\n\n\n<h3 class=\"wp-block-heading\">Familienberatung<\/h3>\n\n\n\n<p>Trageberatung, Beratung f\u00fcr Formular ern\u00e4hrte S\u00e4uglinge uvm. Ich bin das Sprachrohr der Bed\u00fcrfnisse ihres Kindes.<\/p>\n\n\n\n<div class=\"wp-block-buttons is-layout-flex\">\n<div class=\"wp-block-button\"><a class=\"wp-block-button__link wp-element-button\" href=\"https:\/\/tragewuzal-nah-am-herzal.de\/?page_id=98\">Kontakt<\/a><\/div>\n<\/div>\n<\/div>\n<\/div>\n","protected":false},"excerpt":{"rendered":"<p>in der Schwangerschaft &amp; nach der Geburt Das bin ich Ich bin Tanja, bin 37 Jahre alt und habe meine Leidenschaft zu meinem Nebenberuf gemacht.Als stolze Mama von zwei wundervollen T\u00f6chtern, darf ich seit insgesamt sechs Jahren als Kursleitung &amp; zertifizierte Beraterin in Sachen Familienbegleitung&#8230; <\/p>\n","protected":false},"author":2,"featured_media":0,"parent":0,"menu_order":0,"comment_status":"closed","ping_status":"closed","template":"","meta":[],"yoast_head":"<!-- This site is optimized with the Yoast SEO plugin v20.10 - https:\/\/yoast.com\/wordpress\/plugins\/seo\/ -->\n<title>Zertifizierte Familien-&amp;Trageberatung - Tragewuzal<\/title>\n<meta name=\"robots\" content=\"index, follow, max-snippet:-1, max-image-preview:large, max-video-preview:-1\" \/>\n<link rel=\"canonical\" href=\"https:\/\/tragewuzal-nah-am-herzal.de\/\" \/>\n<meta property=\"og:locale\" content=\"de_DE\" \/>\n<meta property=\"og:type\" content=\"article\" \/>\n<meta property=\"og:title\" content=\"Zertifizierte Familien-&amp;Trageberatung - Tragewuzal\" \/>\n<meta property=\"og:description\" content=\"in der Schwangerschaft &amp; nach der Geburt Das bin ich Ich bin Tanja, bin 37 Jahre alt und habe meine Leidenschaft zu meinem Nebenberuf gemacht.Als stolze Mama von zwei wundervollen T\u00f6chtern, darf ich seit insgesamt sechs Jahren als Kursleitung &amp; zertifizierte Beraterin in Sachen Familienbegleitung...\" \/>\n<meta property=\"og:url\" content=\"https:\/\/tragewuzal-nah-am-herzal.de\/\" \/>\n<meta property=\"og:site_name\" content=\"Tragewuzal\" \/>\n<meta property=\"article:modified_time\" content=\"2026-03-30T10:47:30+00:00\" \/>\n<meta property=\"og:image\" content=\"https:\/\/tragewuzal-nah-am-herzal.de\/wp-content\/uploads\/2023\/07\/cropped-cropped-Design_ohne_Titel-5-removebg-preview.png\" \/>\n<meta name=\"twitter:card\" content=\"summary_large_image\" \/>\n<meta name=\"twitter:label1\" content=\"Gesch\u00e4tzte Lesezeit\" \/>\n\t<meta name=\"twitter:data1\" content=\"2\u00a0Minuten\" \/>\n<script type=\"application\/ld+json\" class=\"yoast-schema-graph\">{\"@context\":\"https:\/\/schema.org\",\"@graph\":[{\"@type\":\"WebPage\",\"@id\":\"https:\/\/tragewuzal-nah-am-herzal.de\/\",\"url\":\"https:\/\/tragewuzal-nah-am-herzal.de\/\",\"name\":\"Zertifizierte Familien-&Trageberatung - Tragewuzal\",\"isPartOf\":{\"@id\":\"https:\/\/tragewuzal-nah-am-herzal.de\/#website\"},\"datePublished\":\"2020-08-26T18:58:50+00:00\",\"dateModified\":\"2026-03-30T10:47:30+00:00\",\"breadcrumb\":{\"@id\":\"https:\/\/tragewuzal-nah-am-herzal.de\/#breadcrumb\"},\"inLanguage\":\"de\",\"potentialAction\":[{\"@type\":\"ReadAction\",\"target\":[\"https:\/\/tragewuzal-nah-am-herzal.de\/\"]}]},{\"@type\":\"BreadcrumbList\",\"@id\":\"https:\/\/tragewuzal-nah-am-herzal.de\/#breadcrumb\",\"itemListElement\":[{\"@type\":\"ListItem\",\"position\":1,\"name\":\"Startseite\",\"item\":\"https:\/\/tragewuzal-nah-am-herzal.de\/\"},{\"@type\":\"ListItem\",\"position\":2,\"name\":\"Zertifizierte Familien-&#038;Trageberatung\"}]},{\"@type\":\"WebSite\",\"@id\":\"https:\/\/tragewuzal-nah-am-herzal.de\/#website\",\"url\":\"https:\/\/tragewuzal-nah-am-herzal.de\/\",\"name\":\"Tragewuzal\",\"description\":\"Familienbegleitung Tanja Schlauweg\",\"potentialAction\":[{\"@type\":\"SearchAction\",\"target\":{\"@type\":\"EntryPoint\",\"urlTemplate\":\"https:\/\/tragewuzal-nah-am-herzal.de\/?s={search_term_string}\"},\"query-input\":\"required name=search_term_string\"}],\"inLanguage\":\"de\"}]}<\/script>\n<!-- \/ Yoast SEO plugin. -->","yoast_head_json":{"title":"Zertifizierte Familien-&Trageberatung - Tragewuzal","robots":{"index":"index","follow":"follow","max-snippet":"max-snippet:-1","max-image-preview":"max-image-preview:large","max-video-preview":"max-video-preview:-1"},"canonical":"https:\/\/tragewuzal-nah-am-herzal.de\/","og_locale":"de_DE","og_type":"article","og_title":"Zertifizierte Familien-&Trageberatung - Tragewuzal","og_description":"in der Schwangerschaft &amp; nach der Geburt Das bin ich Ich bin Tanja, bin 37 Jahre alt und habe meine Leidenschaft zu meinem Nebenberuf gemacht.Als stolze Mama von zwei wundervollen T\u00f6chtern, darf ich seit insgesamt sechs Jahren als Kursleitung &amp; zertifizierte Beraterin in Sachen Familienbegleitung...","og_url":"https:\/\/tragewuzal-nah-am-herzal.de\/","og_site_name":"Tragewuzal","article_modified_time":"2026-03-30T10:47:30+00:00","og_image":[{"url":"https:\/\/tragewuzal-nah-am-herzal.de\/wp-content\/uploads\/2023\/07\/cropped-cropped-Design_ohne_Titel-5-removebg-preview.png"}],"twitter_card":"summary_large_image","twitter_misc":{"Gesch\u00e4tzte Lesezeit":"2\u00a0Minuten"},"schema":{"@context":"https:\/\/schema.org","@graph":[{"@type":"WebPage","@id":"https:\/\/tragewuzal-nah-am-herzal.de\/","url":"https:\/\/tragewuzal-nah-am-herzal.de\/","name":"Zertifizierte Familien-&Trageberatung - Tragewuzal","isPartOf":{"@id":"https:\/\/tragewuzal-nah-am-herzal.de\/#website"},"datePublished":"2020-08-26T18:58:50+00:00","dateModified":"2026-03-30T10:47:30+00:00","breadcrumb":{"@id":"https:\/\/tragewuzal-nah-am-herzal.de\/#breadcrumb"},"inLanguage":"de","potentialAction":[{"@type":"ReadAction","target":["https:\/\/tragewuzal-nah-am-herzal.de\/"]}]},{"@type":"BreadcrumbList","@id":"https:\/\/tragewuzal-nah-am-herzal.de\/#breadcrumb","itemListElement":[{"@type":"ListItem","position":1,"name":"Startseite","item":"https:\/\/tragewuzal-nah-am-herzal.de\/"},{"@type":"ListItem","position":2,"name":"Zertifizierte Familien-&#038;Trageberatung"}]},{"@type":"WebSite","@id":"https:\/\/tragewuzal-nah-am-herzal.de\/#website","url":"https:\/\/tragewuzal-nah-am-herzal.de\/","name":"Tragewuzal","description":"Familienbegleitung Tanja Schlauweg","potentialAction":[{"@type":"SearchAction","target":{"@type":"EntryPoint","urlTemplate":"https:\/\/tragewuzal-nah-am-herzal.de\/?s={search_term_string}"},"query-input":"required name=search_term_string"}],"inLanguage":"de"}]}},"_links":{"self":[{"href":"https:\/\/tragewuzal-nah-am-herzal.de\/index.php?rest_route=\/wp\/v2\/pages\/18"}],"collection":[{"href":"https:\/\/tragewuzal-nah-am-herzal.de\/index.php?rest_route=\/wp\/v2\/pages"}],"about":[{"href":"https:\/\/tragewuzal-nah-am-herzal.de\/index.php?rest_route=\/wp\/v2\/types\/page"}],"author":[{"embeddable":true,"href":"https:\/\/tragewuzal-nah-am-herzal.de\/index.php?rest_route=\/wp\/v2\/users\/2"}],"replies":[{"embeddable":true,"href":"https:\/\/tragewuzal-nah-am-herzal.de\/index.php?rest_route=%2Fwp%2Fv2%2Fcomments&post=18"}],"version-history":[{"count":86,"href":"https:\/\/tragewuzal-nah-am-herzal.de\/index.php?rest_route=\/wp\/v2\/pages\/18\/revisions"}],"predecessor-version":[{"id":448,"href":"https:\/\/tragewuzal-nah-am-herzal.de\/index.php?rest_route=\/wp\/v2\/pages\/18\/revisions\/448"}],"wp:attachment":[{"href":"https:\/\/tragewuzal-nah-am-herzal.de\/index.php?rest_route=%2Fwp%2Fv2%2Fmedia&parent=18"}],"curies":[{"name":"wp","href":"https:\/\/api.w.org\/{rel}","templated":true}]}}